{"id":390,"date":"2019-09-18T08:30:39","date_gmt":"2019-09-18T08:30:39","guid":{"rendered":"http:\/\/localhost:8080\/abctots\/?page_id=390"},"modified":"2023-01-24T15:44:07","modified_gmt":"2023-01-24T15:44:07","slug":"gallery-3","status":"publish","type":"page","link":"https:\/\/veraanaokullari.com\/?page_id=390","title":{"rendered":"Gallery 3"},"content":{"rendered":"<section class=\"wpb-content-wrapper\"><p>[vc_row full_width=&#8221;stretch_row_content_no_spaces&#8221;][vc_column css=&#8221;.vc_custom_1567927353068{padding-bottom: 120px !important;}&#8221; klb_responsive=&#8221;.vc_custom_1567927353070{padding-bottom: 40px !important;}&#8221;]<div class=\"jumbotron jumbotron-fluid\" ><div class=\"container\" ><div class=\"jumbo-heading\" data-aos=\"fade-down\"><h1>Galeri<\/h1><nav aria-label=\"breadcrumb\"> <ol class=\"breadcrumb\"> <li class=\"breadcrumb-item\"><a  href=\"https:\/\/veraanaokullari.com\" title=\"Home\" rel=\"bookmark\">Home<\/a> <\/li>  <\/ol><\/nav><\/div><\/div><\/div>[\/vc_column][\/vc_row][vc_row css=&#8221;.vc_custom_1568790729333{padding-bottom: 70px !important;}&#8221; klb_responsive=&#8221;.vc_custom_1568790729336{padding-bottom: 40px !important;}&#8221;][vc_column el_class=&#8221;mb-5&#8243; offset=&#8221;vc_col-lg-offset-3 vc_col-lg-6 vc_col-md-offset-3 vc_col-md-6&#8243;][vc_custom_heading text=&#8221;Resim Galerisi&#8221; font_container=&#8221;tag:h2|text_align:center&#8221; use_theme_fonts=&#8221;yes&#8221;][vc_custom_heading text=&#8221;Mutlulu\u011fumuzu sizinle payla\u015fmak ad\u0131na , be\u011feninize sunulmu\u015ftur&#8221; font_container=&#8221;tag:p|text_align:center&#8221; use_theme_fonts=&#8221;yes&#8221;][\/vc_column][vc_column]<div class=\"magnific-popup\"><div class=\"row\"><div class=\"col-lg-3 gallery3-mb\"><a href=\"https:\/\/veraanaokullari.com\/wp-content\/uploads\/2019\/08\/gallery1.jpg\" title=\"Image 1\"><img decoding=\"async\" src=\"https:\/\/veraanaokullari.com\/wp-content\/uploads\/2019\/08\/gallery1.jpg\" class=\"blob img-fluid\" alt=\"Image 1\"><\/a><\/div><div class=\"col-lg-3 gallery3-mb\"><a href=\"https:\/\/veraanaokullari.com\/wp-content\/uploads\/2019\/08\/gallery2.jpg\" title=\"Image 2\"><img decoding=\"async\" src=\"https:\/\/veraanaokullari.com\/wp-content\/uploads\/2019\/08\/gallery2.jpg\" class=\"blob img-fluid\" alt=\"Image 2\"><\/a><\/div><div class=\"col-lg-3 gallery3-mb\"><a href=\"https:\/\/veraanaokullari.com\/wp-content\/uploads\/2019\/08\/gallery3.jpg\" title=\"Image 3\"><img decoding=\"async\" src=\"https:\/\/veraanaokullari.com\/wp-content\/uploads\/2019\/08\/gallery3.jpg\" class=\"blob img-fluid\" alt=\"Image 3\"><\/a><\/div><div class=\"col-lg-3 gallery3-mb\"><a href=\"https:\/\/veraanaokullari.com\/wp-content\/uploads\/2019\/08\/gallery4.jpg\" title=\"Image 4\"><img decoding=\"async\" src=\"https:\/\/veraanaokullari.com\/wp-content\/uploads\/2019\/08\/gallery4.jpg\" class=\"blob img-fluid\" alt=\"Image 4\"><\/a><\/div><div class=\"col-lg-3 gallery3-mb\"><a href=\"https:\/\/veraanaokullari.com\/wp-content\/uploads\/2019\/08\/gallery5.jpg\" title=\"Image 5\"><img decoding=\"async\" src=\"https:\/\/veraanaokullari.com\/wp-content\/uploads\/2019\/08\/gallery5.jpg\" class=\"blob img-fluid\" alt=\"Image 5\"><\/a><\/div><div class=\"col-lg-3 gallery3-mb\"><a href=\"https:\/\/veraanaokullari.com\/wp-content\/uploads\/2019\/08\/gallery6.jpg\" title=\"Image 6\"><img decoding=\"async\" src=\"https:\/\/veraanaokullari.com\/wp-content\/uploads\/2019\/08\/gallery6.jpg\" class=\"blob img-fluid\" alt=\"Image 6\"><\/a><\/div><div class=\"col-lg-3 gallery3-mb\"><a href=\"https:\/\/veraanaokullari.com\/wp-content\/uploads\/2019\/08\/gallery7.jpg\" title=\"Image 7\"><img decoding=\"async\" src=\"https:\/\/veraanaokullari.com\/wp-content\/uploads\/2019\/08\/gallery7.jpg\" class=\"blob img-fluid\" alt=\"Image 7\"><\/a><\/div><div class=\"col-lg-3 gallery3-mb\"><a href=\"https:\/\/veraanaokullari.com\/wp-content\/uploads\/2019\/08\/gallery8.jpg\" title=\"Image 8\"><img decoding=\"async\" src=\"https:\/\/veraanaokullari.com\/wp-content\/uploads\/2019\/08\/gallery8.jpg\" class=\"blob img-fluid\" alt=\"Image 8\"><\/a><\/div><div class=\"col-lg-3 gallery3-mb\"><a href=\"https:\/\/veraanaokullari.com\/wp-content\/uploads\/2019\/08\/gallery9.jpg\" title=\"Image 9\"><img decoding=\"async\" src=\"https:\/\/veraanaokullari.com\/wp-content\/uploads\/2019\/08\/gallery9.jpg\" class=\"blob img-fluid\" alt=\"Image 9\"><\/a><\/div><div class=\"col-lg-3 gallery3-mb\"><a href=\"https:\/\/veraanaokullari.com\/wp-content\/uploads\/2019\/08\/gallery10.jpg\" title=\"Image 10\"><img decoding=\"async\" src=\"https:\/\/veraanaokullari.com\/wp-content\/uploads\/2019\/08\/gallery10.jpg\" class=\"blob img-fluid\" alt=\"Image 10\"><\/a><\/div><div class=\"col-lg-3 gallery3-mb\"><a href=\"https:\/\/veraanaokullari.com\/wp-content\/uploads\/2019\/08\/gallery11.jpg\" title=\"Image 11\"><img decoding=\"async\" src=\"https:\/\/veraanaokullari.com\/wp-content\/uploads\/2019\/08\/gallery11.jpg\" class=\"blob img-fluid\" alt=\"Image 11\"><\/a><\/div><div class=\"col-lg-3 gallery3-mb\"><a href=\"https:\/\/veraanaokullari.com\/wp-content\/uploads\/2019\/08\/gallery12.jpg\" title=\"Image 12\"><img decoding=\"async\" src=\"https:\/\/veraanaokullari.com\/wp-content\/uploads\/2019\/08\/gallery12.jpg\" class=\"blob img-fluid\" alt=\"Image 12\"><\/a><\/div><\/div><\/div>[\/vc_column][\/vc_row]<\/p>\n<\/section>","protected":false},"excerpt":{"rendered":"<p>[vc_row full_width=&#8221;stretch_row_content_no_spaces&#8221;][vc_column css=&#8221;.vc_custom_1567927353068{padding-bottom: 120px !important;}&#8221; klb_responsive=&#8221;.vc_custom_1567927353070{padding-bottom: 40px !important;}&#8221;][\/vc_column][\/vc_row][vc_row css=&#8221;.vc_custom_1568790729333{padding-bottom: 70px !important;}&#8221; klb_responsive=&#8221;.vc_custom_1568790729336{padding-bottom: 40px !important;}&#8221;][vc_column el_class=&#8221;mb-5&#8243; offset=&#8221;vc_col-lg-offset-3 vc_col-lg-6 vc_col-md-offset-3 vc_col-md-6&#8243;][vc_custom_heading text=&#8221;Resim Galerisi&#8221; font_container=&#8221;tag:h2|text_align:center&#8221; use_theme_fonts=&#8221;yes&#8221;][vc_custom_heading text=&#8221;Mutlulu\u011fumuzu sizinle payla\u015fmak ad\u0131na , be\u011feninize sunulmu\u015ftur&#8221; font_container=&#8221;tag:p|text_align:center&#8221; use_theme_fonts=&#8221;yes&#8221;][\/vc_column][vc_column][\/vc_column][\/vc_row]<\/p>\n","protected":false},"author":1,"featured_media":0,"parent":0,"menu_order":0,"comment_status":"closed","ping_status":"closed","template":"","meta":{"footnotes":""},"class_list":["post-390","page","type-page","status-publish","hentry","col-lg-12 mb-5"],"_links":{"self":[{"href":"https:\/\/veraanaokullari.com\/index.php?rest_route=\/wp\/v2\/pages\/390","targetHints":{"allow":["GET"]}}],"collection":[{"href":"https:\/\/veraanaokullari.com\/index.php?rest_route=\/wp\/v2\/pages"}],"about":[{"href":"https:\/\/veraanaokullari.com\/index.php?rest_route=\/wp\/v2\/types\/page"}],"author":[{"embeddable":true,"href":"https:\/\/veraanaokullari.com\/index.php?rest_route=\/wp\/v2\/users\/1"}],"replies":[{"embeddable":true,"href":"https:\/\/veraanaokullari.com\/index.php?rest_route=%2Fwp%2Fv2%2Fcomments&post=390"}],"version-history":[{"count":2,"href":"https:\/\/veraanaokullari.com\/index.php?rest_route=\/wp\/v2\/pages\/390\/revisions"}],"predecessor-version":[{"id":639,"href":"https:\/\/veraanaokullari.com\/index.php?rest_route=\/wp\/v2\/pages\/390\/revisions\/639"}],"wp:attachment":[{"href":"https:\/\/veraanaokullari.com\/index.php?rest_route=%2Fwp%2Fv2%2Fmedia&parent=390"}],"curies":[{"name":"wp","href":"https:\/\/api.w.org\/{rel}","templated":true}]}}