{"id":396,"date":"2019-09-18T20:20:59","date_gmt":"2019-09-18T20:20:59","guid":{"rendered":"http:\/\/localhost:8080\/abctots\/?page_id=396"},"modified":"2023-02-09T09:23:12","modified_gmt":"2023-02-09T09:23:12","slug":"contact-1","status":"publish","type":"page","link":"https:\/\/veraanaokullari.com\/?page_id=396","title":{"rendered":"Contact 1"},"content":{"rendered":"<section class=\"wpb-content-wrapper\"><p>[vc_row full_width=&#8221;stretch_row_content_no_spaces&#8221;][vc_column css=&#8221;.vc_custom_1567927353068{padding-bottom: 120px !important;}&#8221; klb_responsive=&#8221;.vc_custom_1567927353070{padding-bottom: 40px !important;}&#8221;]<div class=\"jumbotron jumbotron-fluid\" ><div class=\"container\" ><div class=\"jumbo-heading\" data-aos=\"fade-down\"><h1>\u0130leti\u015fim<\/h1><nav aria-label=\"breadcrumb\"> <ol class=\"breadcrumb\"> <li class=\"breadcrumb-item\"><a  href=\"https:\/\/veraanaokullari.com\" title=\"Home\" rel=\"bookmark\">Home<\/a> <\/li>  <\/ol><\/nav><\/div><\/div><\/div>[\/vc_column][\/vc_row][vc_row][vc_column width=&#8221;3\/4&#8243; css=&#8221;.vc_custom_1568613656439{padding-right: 30px !important;padding-bottom: 70px !important;}&#8221; klb_responsive=&#8221;.vc_custom_1568613656441{padding-right: 15px !important;padding-bottom: 40px !important;}&#8221;][vc_row_inner][vc_column_inner][vc_custom_heading text=&#8221;\u0130leti\u015fim Bilgileri&#8221; font_container=&#8221;tag:h3|text_align:left&#8221; use_theme_fonts=&#8221;yes&#8221; el_class=&#8221;mb-2&#8243;][vc_custom_heading text=&#8221;BUG\u00dcN B\u0130Z\u0130 Z\u0130YARETE GELEB\u0130L\u0130RS\u0130N\u0130Z&#8221; font_container=&#8221;tag:p|text_align:left&#8221; use_theme_fonts=&#8221;yes&#8221; el_class=&#8221;h7&#8243;][vc_column_text]\u0130sterseniz arayabilir, isterseniz bizi yerimizde ziyaret edebilirsiniz. E\u011fitimcilerimiz, sizi misafirperver bir \u015fekilde kar\u015f\u0131layacakt\u0131r. Bizi ziyaret etmeden ve bizimle tan\u0131\u015fmadan karar vermeyin.[\/vc_column_text][\/vc_column_inner][\/vc_row_inner][vc_row_inner][vc_column_inner][vc_custom_heading text=&#8221;Bize bir mesaj g\u00f6nder&#8221; font_container=&#8221;tag:h4|text_align:left&#8221; use_theme_fonts=&#8221;yes&#8221; el_class=&#8221;mt-5&#8243;]\n<div class=\"wpcf7 no-js\" id=\"wpcf7-f207-o1\" lang=\"en-US\" dir=\"ltr\">\n<div class=\"screen-reader-response\"><p role=\"status\" aria-live=\"polite\" aria-atomic=\"true\"><\/p> <ul><\/ul><\/div>\n<form action=\"\/index.php?rest_route=%2Fwp%2Fv2%2Fpages%2F396#wpcf7-f207-o1\" method=\"post\" class=\"wpcf7-form init\" aria-label=\"Contact form\" novalidate=\"novalidate\" data-status=\"init\">\n<div style=\"display: none;\">\n<input type=\"hidden\" name=\"_wpcf7\" value=\"207\" \/>\n<input type=\"hidden\" name=\"_wpcf7_version\" value=\"5.9.8\" \/>\n<input type=\"hidden\" name=\"_wpcf7_locale\" value=\"en_US\" \/>\n<input type=\"hidden\" name=\"_wpcf7_unit_tag\" value=\"wpcf7-f207-o1\" \/>\n<input type=\"hidden\" name=\"_wpcf7_container_post\" value=\"0\" \/>\n<input type=\"hidden\" name=\"_wpcf7_posted_data_hash\" value=\"\" \/>\n<\/div>\n<p><label> \u0130sim *<\/label><br \/>\n<span class=\"wpcf7-form-control-wrap\" data-name=\"your-name\"><input size=\"40\" maxlength=\"400\" class=\"wpcf7-form-control wpcf7-text wpcf7-validates-as-required\" aria-required=\"true\" aria-invalid=\"false\" value=\"\" type=\"text\" name=\"your-name\" \/><\/span>\n<\/p>\n<p><label> Mail Adresi * <\/label><br \/>\n<span class=\"wpcf7-form-control-wrap\" data-name=\"your-email\"><input size=\"40\" maxlength=\"400\" class=\"wpcf7-form-control wpcf7-email wpcf7-validates-as-required wpcf7-text wpcf7-validates-as-email\" aria-required=\"true\" aria-invalid=\"false\" value=\"\" type=\"email\" name=\"your-email\" \/><\/span>\n<\/p>\n<p><label> Konu <\/label><br \/>\n<span class=\"wpcf7-form-control-wrap\" data-name=\"your-subject\"><input size=\"40\" maxlength=\"400\" class=\"wpcf7-form-control wpcf7-text\" aria-invalid=\"false\" value=\"\" type=\"text\" name=\"your-subject\" \/><\/span>\n<\/p>\n<p><label> Mesaj <\/label><br \/>\n<span class=\"wpcf7-form-control-wrap\" data-name=\"your-message\"><textarea cols=\"40\" rows=\"5\" maxlength=\"2000\" class=\"wpcf7-form-control wpcf7-textarea\" aria-invalid=\"false\" name=\"your-message\"><\/textarea><\/span>\n<\/p>\n<p><input class=\"wpcf7-form-control wpcf7-submit has-spinner btn btn-tertiary\" type=\"submit\" value=\"G\u00d6NDER\" \/>\n<\/p><div class=\"wpcf7-response-output\" aria-hidden=\"true\"><\/div>\n<\/form>\n<\/div>\n[\/vc_column_inner][\/vc_row_inner][vc_row_inner el_class=&#8221;mt-5&#8243;][vc_column_inner el_class=&#8221;mt-5&#8243; width=&#8221;1\/3&#8243;]<div class=\"contact-icon bg-secondary text-light\"><i class=\"fas fa-envelope top-icon\"><\/i><div class=\"contact-icon-info\"><h5>Bize Yaz<\/h5><p>veraokullari@gmail.com<\/p><\/div><\/div>[\/vc_column_inner][vc_column_inner el_class=&#8221;mt-5&#8243; width=&#8221;1\/3&#8243;]<div class=\"contact-icon bg-secondary text-light\"><i class=\"fas fa-map-marker-alt top-icon\"><\/i><div class=\"contact-icon-info\"><h5>Bizi Ziyaret Edin<\/h5><p>Sar\u0131yer - \u0130STANBUL<\/p><\/div><\/div>[\/vc_column_inner][vc_column_inner el_class=&#8221;mt-5&#8243; width=&#8221;1\/3&#8243;]<div class=\"contact-icon bg-secondary text-light\"><i class=\"fas fa-phone-volume top-icon\"><\/i><div class=\"contact-icon-info\"><h5>Bizi Ara<\/h5><p>(0505) 730 34 34<\/p><\/div><\/div>[\/vc_column_inner][\/vc_row_inner][vc_row_inner el_class=&#8221;mt-5&#8243;][vc_column_inner][vc_column_text]<iframe src=\"https:\/\/www.google.com\/maps\/embed?pb=!1m18!1m12!1m3!1d751.2770968840161!2d29.043739935482424!3d41.132159794565176!2m3!1f0!2f0!3f0!3m2!1i1024!2i768!4f13.1!3m3!1m2!1s0x14cab57d6c085b05%3A0xf07294c6605977d4!2sFerahevler%2C%20Mecidiye%20Cd.%2053-45%2C%2034457%20Sar%C4%B1yer%2F%C4%B0stanbul!5e0!3m2!1str!2str!4v1675853504138!5m2!1str!2str\" width=\"600\" height=\"350\" style=\"border:0;\" allowfullscreen=\"\" loading=\"lazy\" referrerpolicy=\"no-referrer-when-downgrade\"><\/iframe>[\/vc_column_text][\/vc_column_inner][\/vc_row_inner][\/vc_column][vc_column width=&#8221;1\/4&#8243;][vc_widget_sidebar sidebar_id=&#8221;extra-widget&#8221;][\/vc_column][\/vc_row]<\/p>\n<\/section>","protected":false},"excerpt":{"rendered":"<p>[vc_row full_width=&#8221;stretch_row_content_no_spaces&#8221;][vc_column css=&#8221;.vc_custom_1567927353068{padding-bottom: 120px !important;}&#8221; klb_responsive=&#8221;.vc_custom_1567927353070{padding-bottom: 40px !important;}&#8221;][\/vc_column][\/vc_row][vc_row][vc_column width=&#8221;3\/4&#8243; css=&#8221;.vc_custom_1568613656439{padding-right: 30px !important;padding-bottom: 70px !important;}&#8221; klb_responsive=&#8221;.vc_custom_1568613656441{padding-right: 15px !important;padding-bottom: 40px !important;}&#8221;][vc_row_inner][vc_column_inner][vc_custom_heading text=&#8221;\u0130leti\u015fim Bilgileri&#8221; font_container=&#8221;tag:h3|text_align:left&#8221; use_theme_fonts=&#8221;yes&#8221; el_class=&#8221;mb-2&#8243;][vc_custom_heading text=&#8221;BUG\u00dcN B\u0130Z\u0130 Z\u0130YARETE GELEB\u0130L\u0130RS\u0130N\u0130Z&#8221; font_container=&#8221;tag:p|text_align:left&#8221; use_theme_fonts=&#8221;yes&#8221; el_class=&#8221;h7&#8243;][vc_column_text]\u0130sterseniz arayabilir, isterseniz bizi yerimizde ziyaret edebilirsiniz. E\u011fitimcilerimiz, sizi misafirperver bir \u015fekilde kar\u015f\u0131layacakt\u0131r. Bizi ziyaret etmeden ve bizimle tan\u0131\u015fmadan karar vermeyin.[\/vc_column_text][\/vc_column_inner][\/vc_row_inner][vc_row_inner][vc_column_inner][vc_custom_heading text=&#8221;Bize bir mesaj g\u00f6nder&#8221;<\/p>\n<div class=\"klb-readmore\"><a href=\"https:\/\/veraanaokullari.com\/?page_id=396\" class=\"btn btn-primary\">READ MORE<\/a><\/div>\n","protected":false},"author":1,"featured_media":0,"parent":0,"menu_order":0,"comment_status":"closed","ping_status":"closed","template":"","meta":{"footnotes":""},"class_list":["post-396","page","type-page","status-publish","hentry","col-lg-12 mb-5"],"_links":{"self":[{"href":"https:\/\/veraanaokullari.com\/index.php?rest_route=\/wp\/v2\/pages\/396","targetHints":{"allow":["GET"]}}],"collection":[{"href":"https:\/\/veraanaokullari.com\/index.php?rest_route=\/wp\/v2\/pages"}],"about":[{"href":"https:\/\/veraanaokullari.com\/index.php?rest_route=\/wp\/v2\/types\/page"}],"author":[{"embeddable":true,"href":"https:\/\/veraanaokullari.com\/index.php?rest_route=\/wp\/v2\/users\/1"}],"replies":[{"embeddable":true,"href":"https:\/\/veraanaokullari.com\/index.php?rest_route=%2Fwp%2Fv2%2Fcomments&post=396"}],"version-history":[{"count":9,"href":"https:\/\/veraanaokullari.com\/index.php?rest_route=\/wp\/v2\/pages\/396\/revisions"}],"predecessor-version":[{"id":750,"href":"https:\/\/veraanaokullari.com\/index.php?rest_route=\/wp\/v2\/pages\/396\/revisions\/750"}],"wp:attachment":[{"href":"https:\/\/veraanaokullari.com\/index.php?rest_route=%2Fwp%2Fv2%2Fmedia&parent=396"}],"curies":[{"name":"wp","href":"https:\/\/api.w.org\/{rel}","templated":true}]}}