{"id":649,"date":"2023-01-30T11:52:06","date_gmt":"2023-01-30T11:52:06","guid":{"rendered":"https:\/\/veraanaokullari.com\/?page_id=649"},"modified":"2023-01-30T11:52:06","modified_gmt":"2023-01-30T11:52:06","slug":"ilkokul-kayit-formu","status":"publish","type":"page","link":"https:\/\/veraanaokullari.com\/?page_id=649","title":{"rendered":"\u0130lkokul Kay\u0131t Formu"},"content":{"rendered":"<div class=\"wp-block-image\">\n<figure class=\"aligncenter size-large is-resized\"><img loading=\"lazy\" decoding=\"async\" src=\"https:\/\/veraanaokullari.com\/wp-content\/uploads\/2023\/01\/rehas-okul-resmi-5-1-1024x1024.jpeg\" alt=\"\" class=\"wp-image-650\" width=\"512\" height=\"512\" srcset=\"https:\/\/veraanaokullari.com\/wp-content\/uploads\/2023\/01\/rehas-okul-resmi-5-1-1024x1024.jpeg 1024w, https:\/\/veraanaokullari.com\/wp-content\/uploads\/2023\/01\/rehas-okul-resmi-5-1-300x300.jpeg 300w, https:\/\/veraanaokullari.com\/wp-content\/uploads\/2023\/01\/rehas-okul-resmi-5-1-150x150.jpeg 150w, https:\/\/veraanaokullari.com\/wp-content\/uploads\/2023\/01\/rehas-okul-resmi-5-1-768x768.jpeg 768w, https:\/\/veraanaokullari.com\/wp-content\/uploads\/2023\/01\/rehas-okul-resmi-5-1.jpeg 1080w\" sizes=\"auto, (max-width: 512px) 100vw, 512px\" \/><\/figure>\n<\/div>\n\n\n<p><\/p>\n\n\n\n<div class=\"wp-block-contact-form-7-contact-form-selector\">\n<div class=\"wpcf7 no-js\" id=\"wpcf7-f452-o1\" lang=\"en-US\" dir=\"ltr\">\n<div class=\"screen-reader-response\"><p role=\"status\" aria-live=\"polite\" aria-atomic=\"true\"><\/p> <ul><\/ul><\/div>\n<form action=\"\/index.php?rest_route=%2Fwp%2Fv2%2Fpages%2F649#wpcf7-f452-o1\" method=\"post\" class=\"wpcf7-form init\" aria-label=\"Contact form\" novalidate=\"novalidate\" data-status=\"init\">\n<div style=\"display: none;\">\n<input type=\"hidden\" name=\"_wpcf7\" value=\"452\" \/>\n<input type=\"hidden\" name=\"_wpcf7_version\" value=\"5.9.8\" \/>\n<input type=\"hidden\" name=\"_wpcf7_locale\" value=\"en_US\" \/>\n<input type=\"hidden\" name=\"_wpcf7_unit_tag\" value=\"wpcf7-f452-o1\" \/>\n<input type=\"hidden\" name=\"_wpcf7_container_post\" value=\"0\" \/>\n<input type=\"hidden\" name=\"_wpcf7_posted_data_hash\" value=\"\" \/>\n<\/div>\n<p><b>Kay\u0131t i\u00e7in bu formu ve a\u015fa\u011f\u0131da yazan d\u00f6k\u00fcmanlar\u0131 kay\u0131t ofisine getiriniz:<\/b>\n<\/p>\n<p>Kimlik kart\u0131<br \/>\nG\u00fcncel a\u015f\u0131 kart\u0131<br \/>\n\u0130kametgah belgesi\n<\/p>\n<p><label>\u00d6\u011frencinin Ad\u0131 Soyad\u0131<br \/>\n<span class=\"wpcf7-form-control-wrap\" data-name=\"text-529\"><input size=\"40\" maxlength=\"400\" class=\"wpcf7-form-control wpcf7-text wpcf7-validates-as-required\" aria-required=\"true\" aria-invalid=\"false\" value=\"\" type=\"text\" name=\"text-529\" \/><\/span><\/label>\n<\/p>\n<p><label> \u00d6\u011frencinin TC Kimlik Numaras\u0131<br \/>\n<span class=\"wpcf7-form-control-wrap\" data-name=\"TCKimlikNumaras\"><input class=\"wpcf7-form-control wpcf7-number wpcf7-validates-as-required wpcf7-validates-as-number\" min=\"10000000000\" max=\"99999999999\" aria-required=\"true\" aria-invalid=\"false\" value=\"\" type=\"number\" name=\"TCKimlikNumaras\" \/><\/span> <\/label>\n<\/p>\n<p>Cinsiyet :<br \/>\n<span class=\"wpcf7-form-control-wrap\" data-name=\"radio-698\"><span class=\"wpcf7-form-control wpcf7-radio\"><span class=\"wpcf7-list-item first\"><label><input type=\"radio\" name=\"radio-698\" value=\"K\u0131z\" checked=\"checked\" \/><span class=\"wpcf7-list-item-label\">K\u0131z<\/span><\/label><\/span><span class=\"wpcf7-list-item last\"><label><input type=\"radio\" name=\"radio-698\" value=\"Erkek\" \/><span class=\"wpcf7-list-item-label\">Erkek<\/span><\/label><\/span><\/span><\/span>\n<\/p>\n<p>Do\u011fum Tarihi :<br \/>\n<span class=\"wpcf7-form-control-wrap\" data-name=\"DogumTarihi\"><input class=\"wpcf7-form-control wpcf7-date wpcf7-validates-as-required wpcf7-validates-as-date\" min=\"2017-09-01\" max=\"2020-12-31\" aria-required=\"true\" aria-invalid=\"false\" placeholder=\"\" value=\"\" type=\"date\" name=\"DogumTarihi\" \/><\/span>\n<\/p>\n<p><label> Veli Ad\u0131 Soyad\u0131 :<br \/>\n<span class=\"wpcf7-form-control-wrap\" data-name=\"text-702\"><input size=\"40\" maxlength=\"400\" class=\"wpcf7-form-control wpcf7-text wpcf7-validates-as-required\" aria-required=\"true\" aria-invalid=\"false\" placeholder=\"\" value=\"\" type=\"text\" name=\"text-702\" \/><\/span> <\/label><br \/>\nAdres:<br \/>\n<span class=\"wpcf7-form-control-wrap\" data-name=\"text-821\"><input size=\"40\" maxlength=\"400\" class=\"wpcf7-form-control wpcf7-text wpcf7-validates-as-required\" aria-required=\"true\" aria-invalid=\"false\" value=\"\" type=\"text\" name=\"text-821\" \/><\/span><br \/>\nAdres Sat\u0131r\u0131 2 :<br \/>\n<span class=\"wpcf7-form-control-wrap\" data-name=\"text-564\"><input size=\"40\" maxlength=\"400\" class=\"wpcf7-form-control wpcf7-text\" aria-invalid=\"false\" value=\"\" type=\"text\" name=\"text-564\" \/><\/span>\n<\/p>\n<p>Annenin Cep Telefon Numaras\u0131:<br \/>\n<span class=\"wpcf7-form-control-wrap\" data-name=\"tel-222\"><input size=\"40\" maxlength=\"400\" class=\"wpcf7-form-control wpcf7-tel wpcf7-validates-as-required wpcf7-text wpcf7-validates-as-tel\" aria-required=\"true\" aria-invalid=\"false\" value=\"\" type=\"tel\" name=\"tel-222\" \/><\/span>\n<\/p>\n<p>Baban\u0131n Cep Telefon Numaras\u0131<br \/>\n<span class=\"wpcf7-form-control-wrap\" data-name=\"tel-858\"><input size=\"40\" maxlength=\"400\" class=\"wpcf7-form-control wpcf7-tel wpcf7-validates-as-required wpcf7-text wpcf7-validates-as-tel\" aria-required=\"true\" aria-invalid=\"false\" value=\"\" type=\"tel\" name=\"tel-858\" \/><\/span>\n<\/p>\n<p>Annenin Mesle\u011fi:<br \/>\n<span class=\"wpcf7-form-control-wrap\" data-name=\"text-821\"><input size=\"40\" maxlength=\"400\" class=\"wpcf7-form-control wpcf7-text wpcf7-validates-as-required\" aria-required=\"true\" aria-invalid=\"false\" value=\"\" type=\"text\" name=\"text-821\" \/><\/span>\n<\/p>\n<p>Baban\u0131n Mesle\u011fi :<br \/>\n<span class=\"wpcf7-form-control-wrap\" data-name=\"text-631\"><input size=\"40\" maxlength=\"400\" class=\"wpcf7-form-control wpcf7-text wpcf7-validates-as-required\" aria-required=\"true\" aria-invalid=\"false\" value=\"\" type=\"text\" name=\"text-631\" \/><\/span>\n<\/p>\n<p>Annenin E\u011fitim Durumu:<br \/>\n<span class=\"wpcf7-form-control-wrap\" data-name=\"menu-58\"><select class=\"wpcf7-form-control wpcf7-select wpcf7-validates-as-required\" aria-required=\"true\" aria-invalid=\"false\" name=\"menu-58\"><option value=\"Okur-Yazar\">Okur-Yazar<\/option><option value=\"\u0130lkokul\">\u0130lkokul<\/option><option value=\"Ortaokul\">Ortaokul<\/option><option value=\"Lise\">Lise<\/option><option value=\"Y\u00fcksekokul\">Y\u00fcksekokul<\/option><option value=\"\u00dcniversite\">\u00dcniversite<\/option><option value=\"Y\u00fcksek Lisans\">Y\u00fcksek Lisans<\/option><\/select><\/span>\n<\/p>\n<p>Baban\u0131n E\u011fitim Durumu:<br \/>\n<span class=\"wpcf7-form-control-wrap\" data-name=\"menu-575\"><select class=\"wpcf7-form-control wpcf7-select wpcf7-validates-as-required\" aria-required=\"true\" aria-invalid=\"false\" name=\"menu-575\"><option value=\"Okur-Yazar\">Okur-Yazar<\/option><option value=\"\u0130lkokul\">\u0130lkokul<\/option><option value=\"Ortaokul\">Ortaokul<\/option><option value=\"Lise\">Lise<\/option><option value=\"Y\u00fcksekokul\">Y\u00fcksekokul<\/option><option value=\"\u00dcniversite\">\u00dcniversite<\/option><option value=\"Y\u00fcksek Lisans\">Y\u00fcksek Lisans<\/option><\/select><\/span>\n<\/p>\n<p>Anne \u00c7al\u0131\u015f\u0131yor Mu?<br \/>\n<span class=\"wpcf7-form-control-wrap\" data-name=\"radio-332\"><span class=\"wpcf7-form-control wpcf7-radio\"><span class=\"wpcf7-list-item first\"><label><input type=\"radio\" name=\"radio-332\" value=\"Evet\" checked=\"checked\" \/><span class=\"wpcf7-list-item-label\">Evet<\/span><\/label><\/span><span class=\"wpcf7-list-item last\"><label><input type=\"radio\" name=\"radio-332\" value=\"Hay\u0131r\" \/><span class=\"wpcf7-list-item-label\">Hay\u0131r<\/span><\/label><\/span><\/span><\/span>\n<\/p>\n<p>Baba \u00c7al\u0131\u015f\u0131yor Mu?<br \/>\n<span class=\"wpcf7-form-control-wrap\" data-name=\"radio-790\"><span class=\"wpcf7-form-control wpcf7-radio\"><span class=\"wpcf7-list-item first\"><label><input type=\"radio\" name=\"radio-790\" value=\"Evet\" checked=\"checked\" \/><span class=\"wpcf7-list-item-label\">Evet<\/span><\/label><\/span><span class=\"wpcf7-list-item last\"><label><input type=\"radio\" name=\"radio-790\" value=\"Hay\u0131r\" \/><span class=\"wpcf7-list-item-label\">Hay\u0131r<\/span><\/label><\/span><\/span><\/span>\n<\/p>\n<p>\u00c7ocu\u011funuzun \u00d6zel E\u011fitim Gereksinimi Var M\u0131?<br \/>\n<span class=\"wpcf7-form-control-wrap\" data-name=\"radio-903\"><span class=\"wpcf7-form-control wpcf7-radio\"><span class=\"wpcf7-list-item first\"><label><input type=\"radio\" name=\"radio-903\" value=\"Evet\" checked=\"checked\" \/><span class=\"wpcf7-list-item-label\">Evet<\/span><\/label><\/span><span class=\"wpcf7-list-item last\"><label><input type=\"radio\" name=\"radio-903\" value=\"Hay\u0131r\" \/><span class=\"wpcf7-list-item-label\">Hay\u0131r<\/span><\/label><\/span><\/span><\/span>\n<\/p>\n<p>\u00c7ocu\u011funuzu Hangi S\u0131n\u0131fa Kay\u0131t Etirmek \u0130stiyorsunuz ?<br \/>\n<span class=\"wpcf7-form-control-wrap\" data-name=\"menu-342\"><select class=\"wpcf7-form-control wpcf7-select wpcf7-validates-as-required\" aria-required=\"true\" aria-invalid=\"false\" name=\"menu-342\"><option value=\"1. S\u0131n\u0131f\">1. S\u0131n\u0131f<\/option><option value=\"2. S\u0131n\u0131f\">2. S\u0131n\u0131f<\/option><option value=\"3. S\u0131n\u0131f\">3. S\u0131n\u0131f<\/option><option value=\"4. S\u0131n\u0131f\">4. S\u0131n\u0131f<\/option><\/select><\/span>\n<\/p>\n<p><label> Herhangi bir Tedavi, \u0130la\u00e7 Alerjisi, G\u0131da Alerjisi veya Kronik Sa\u011fl\u0131k Sorunu var ise l\u00fctfen belirtiniz.<br \/>\n<span class=\"wpcf7-form-control-wrap\" data-name=\"your-message\"><textarea cols=\"40\" rows=\"10\" maxlength=\"2000\" class=\"wpcf7-form-control wpcf7-textarea\" aria-invalid=\"false\" name=\"your-message\"><\/textarea><\/span> <\/label>\n<\/p>\n<p><b>Acil Durumda Ba\u011flant\u0131ya Ge\u00e7ilecek \u0130lk Ki\u015fi<\/b>\n<\/p>\n<p>Ad\u0131 Soyad\u0131:<br \/>\n<span class=\"wpcf7-form-control-wrap\" data-name=\"text-498\"><input size=\"40\" maxlength=\"400\" class=\"wpcf7-form-control wpcf7-text wpcf7-validates-as-required\" aria-required=\"true\" aria-invalid=\"false\" value=\"\" type=\"text\" name=\"text-498\" \/><\/span>\n<\/p>\n<p>Telefon Numaras\u0131:<br \/>\n<span class=\"wpcf7-form-control-wrap\" data-name=\"tel-475\"><input size=\"40\" maxlength=\"400\" class=\"wpcf7-form-control wpcf7-tel wpcf7-text wpcf7-validates-as-tel\" aria-invalid=\"false\" value=\"\" type=\"tel\" name=\"tel-475\" \/><\/span>\n<\/p>\n<p><b>Kay\u0131t Ge\u00e7mi\u015fi<\/b>\n<\/p>\n<p>\u00d6nceki Okulunun Ad\u0131:<br \/>\n<span class=\"wpcf7-form-control-wrap\" data-name=\"text-163\"><input size=\"40\" maxlength=\"400\" class=\"wpcf7-form-control wpcf7-text\" aria-invalid=\"false\" value=\"\" type=\"text\" name=\"text-163\" \/><\/span><br \/>\n\u00d6nceki Okulun Bulundu\u011fu \u0130l-\u0130l\u00e7e: <span class=\"wpcf7-form-control-wrap\" data-name=\"text-359\"><input size=\"40\" maxlength=\"400\" class=\"wpcf7-form-control wpcf7-text\" aria-invalid=\"false\" value=\"\" type=\"text\" name=\"text-359\" \/><\/span>\n<\/p>\n<p>K\u00fcresel COV\u0130D-19 Pandemisi sebebiyle g\u00f6r\u00fc\u015fmeler belli \u00f6nlemler ve kurallar \u00e7er\u00e7evesinde ger\u00e7ekle\u015ftirilecektir.\n<\/p>\n<p>1-)Randevunuza tam zaman\u0131nda geliniz. Ge\u00e7 kalmay\u0131n\u0131z.<br \/>\n2-)Beklemenizi gerektirecek kadar erken gelmeyiniz.<br \/>\n3-)Maske kullan\u0131n\u0131z. Sosyal mesafe kurallar\u0131na ve personel taraf\u0131ndan size yap\u0131lacak her t\u00fcrl\u00fc uyar\u0131ya riayet ediniz.\n<\/p>\n<p><b>NOT:Yukar\u0131daki metni okuduysan\u0131z i\u015faretleyiniz*<\/b>\n<\/p>\n<p><span class=\"wpcf7-form-control-wrap\" data-name=\"radio-88\"><span class=\"wpcf7-form-control wpcf7-radio\"><span class=\"wpcf7-list-item first\"><label><input type=\"radio\" name=\"radio-88\" value=\"ONAYLIYORUM\" checked=\"checked\" \/><span class=\"wpcf7-list-item-label\">ONAYLIYORUM<\/span><\/label><\/span><span class=\"wpcf7-list-item last\"><label><input type=\"radio\" name=\"radio-88\" value=\"ONAYLAMIYORUM\" \/><span class=\"wpcf7-list-item-label\">ONAYLAMIYORUM<\/span><\/label><\/span><\/span><\/span>\n<\/p>\n<p><input class=\"wpcf7-form-control wpcf7-submit has-spinner\" type=\"submit\" value=\"G\u00d6NDER\" \/>\n<\/p><div class=\"wpcf7-response-output\" aria-hidden=\"true\"><\/div>\n<\/form>\n<\/div>\n<\/div>\n","protected":false},"excerpt":{"rendered":"Kay\u0131t i\u00e7in bu formu ve a\u015fa\u011f\u0131da yazan d\u00f6k\u00fcmanlar\u0131 kay\u0131t ofisine getiriniz: Kimlik kart\u0131 G\u00fcncel a\u015f\u0131 kart\u0131 \u0130kametgah belgesi \u00d6\u011frencinin Ad\u0131 Soyad\u0131 \u00d6\u011frencinin TC Kimlik Numaras\u0131 Cinsiyet : K\u0131zErkek Do\u011fum Tarihi : Veli Ad\u0131 Soyad\u0131 : Adres: Adres Sat\u0131r\u0131 2 : Annenin Cep Telefon Numaras\u0131: Baban\u0131n Cep Telefon Numaras\u0131 Annenin Mesle\u011fi: Baban\u0131n Mesle\u011fi : Annenin E\u011fitim<div class=\"klb-readmore\"><a href=\"https:\/\/veraanaokullari.com\/?page_id=649\" class=\"btn btn-primary\">READ MORE<\/a><\/div>","protected":false},"author":1,"featured_media":0,"parent":0,"menu_order":0,"comment_status":"closed","ping_status":"closed","template":"","meta":{"footnotes":""},"class_list":["post-649","page","type-page","status-publish","hentry","col-lg-12 mb-5"],"_links":{"self":[{"href":"https:\/\/veraanaokullari.com\/index.php?rest_route=\/wp\/v2\/pages\/649","targetHints":{"allow":["GET"]}}],"collection":[{"href":"https:\/\/veraanaokullari.com\/index.php?rest_route=\/wp\/v2\/pages"}],"about":[{"href":"https:\/\/veraanaokullari.com\/index.php?rest_route=\/wp\/v2\/types\/page"}],"author":[{"embeddable":true,"href":"https:\/\/veraanaokullari.com\/index.php?rest_route=\/wp\/v2\/users\/1"}],"replies":[{"embeddable":true,"href":"https:\/\/veraanaokullari.com\/index.php?rest_route=%2Fwp%2Fv2%2Fcomments&post=649"}],"version-history":[{"count":1,"href":"https:\/\/veraanaokullari.com\/index.php?rest_route=\/wp\/v2\/pages\/649\/revisions"}],"predecessor-version":[{"id":651,"href":"https:\/\/veraanaokullari.com\/index.php?rest_route=\/wp\/v2\/pages\/649\/revisions\/651"}],"wp:attachment":[{"href":"https:\/\/veraanaokullari.com\/index.php?rest_route=%2Fwp%2Fv2%2Fmedia&parent=649"}],"curies":[{"name":"wp","href":"https:\/\/api.w.org\/{rel}","templated":true}]}}