{"id":652,"date":"2023-01-30T12:02:09","date_gmt":"2023-01-30T12:02:09","guid":{"rendered":"https:\/\/veraanaokullari.com\/?page_id=652"},"modified":"2023-01-30T12:02:36","modified_gmt":"2023-01-30T12:02:36","slug":"yabanci-dil-sinifi-kayit-formu","status":"publish","type":"page","link":"https:\/\/veraanaokullari.com\/?page_id=652","title":{"rendered":"Yabanc\u0131 Dil S\u0131n\u0131f\u0131 Kay\u0131t Formu"},"content":{"rendered":"\n<p>S\u0131n\u0131f\u0131m\u0131z 4 ya\u015f grubundan olu\u015fmakta olup , derslerimiz haftan\u0131n her g\u00fcn\u00fc ve her saati sadece se\u00e7ilen dil s\u0131n\u0131f\u0131 ile yap\u0131lmaktad\u0131r. \u00d6\u011frenci t\u00fcm g\u00fcn yabanc\u0131 dile maruz kalmak sureti ile bir sene sonunda duydu\u011funu tam manas\u0131 ile kavramaya ikinci senenin sonunda o dili konu\u015fmaya ba\u015flam\u0131\u015f olur ve anaokulu kazan\u0131mlar\u0131n\u0131 sa\u011flam\u0131\u015f olur. Kuran\u0131 kerim , siyer, ezber gibi bir\u00e7ok \u0130slami dersi ikinci sene \u00f6\u011frendi\u011fi dille almaya devam eder. <\/p>\n\n\n\n<p>\u015euan kurumuzda alt yap\u0131s\u0131 haz\u0131rlanm\u0131\u015f e\u011fitim s\u0131n\u0131flar\u0131m\u0131z;<\/p>\n\n\n\n<ul class=\"wp-block-list\">\n<li>Arap\u00e7a <\/li>\n\n\n\n<li>\u0130ngilizce<\/li>\n\n\n\n<li>Frans\u0131zca<\/li>\n\n\n\n<li>Rus\u00e7a<\/li>\n<\/ul>\n\n\n\n<p><\/p>\n\n\n\n<p><\/p>\n\n\n<div class=\"wp-block-image\">\n<figure class=\"aligncenter size-full\"><img loading=\"lazy\" decoding=\"async\" width=\"674\" height=\"485\" src=\"https:\/\/veraanaokullari.com\/wp-content\/uploads\/2023\/01\/arabic-school.jpeg\" alt=\"\" class=\"wp-image-566\" srcset=\"https:\/\/veraanaokullari.com\/wp-content\/uploads\/2023\/01\/arabic-school.jpeg 674w, https:\/\/veraanaokullari.com\/wp-content\/uploads\/2023\/01\/arabic-school-300x216.jpeg 300w\" sizes=\"auto, (max-width: 674px) 100vw, 674px\" \/><\/figure>\n<\/div>\n\n\n<div class=\"wp-block-contact-form-7-contact-form-selector\">\n<div class=\"wpcf7 no-js\" id=\"wpcf7-f5-o1\" lang=\"tr-TR\" dir=\"ltr\">\n<div class=\"screen-reader-response\"><p role=\"status\" aria-live=\"polite\" aria-atomic=\"true\"><\/p> <ul><\/ul><\/div>\n<form action=\"\/index.php?rest_route=%2Fwp%2Fv2%2Fpages%2F652#wpcf7-f5-o1\" method=\"post\" class=\"wpcf7-form init\" aria-label=\"\u0130leti\u015fim Formu\" novalidate=\"novalidate\" data-status=\"init\">\n<div style=\"display: none;\">\n<input type=\"hidden\" name=\"_wpcf7\" value=\"5\" \/>\n<input type=\"hidden\" name=\"_wpcf7_version\" value=\"5.9.8\" \/>\n<input type=\"hidden\" name=\"_wpcf7_locale\" value=\"tr_TR\" \/>\n<input type=\"hidden\" name=\"_wpcf7_unit_tag\" value=\"wpcf7-f5-o1\" \/>\n<input type=\"hidden\" name=\"_wpcf7_container_post\" value=\"0\" \/>\n<input type=\"hidden\" name=\"_wpcf7_posted_data_hash\" value=\"\" \/>\n<\/div>\n<p><b>Kay\u0131t i\u00e7in bu formu ve a\u015fa\u011f\u0131da yazan d\u00f6k\u00fcmanlar\u0131 kay\u0131t ofisine getiriniz:<\/b>\n<\/p>\n<p>Kimlik kart\u0131<br \/>\nG\u00fcncel a\u015f\u0131 kart\u0131<br \/>\n\u0130kametgah belgesi\n<\/p>\n<p><label>\u00d6\u011frencinin Ad\u0131 Soyad\u0131<br \/>\n<span class=\"wpcf7-form-control-wrap\" data-name=\"text-529\"><input size=\"40\" maxlength=\"400\" class=\"wpcf7-form-control wpcf7-text wpcf7-validates-as-required\" aria-required=\"true\" aria-invalid=\"false\" value=\"\" type=\"text\" name=\"text-529\" \/><\/span><\/label>\n<\/p>\n<p><label> \u00d6\u011frencinin TC Kimlik Numaras\u0131<br \/>\n<span class=\"wpcf7-form-control-wrap\" data-name=\"TCKimlikNumaras\"><input class=\"wpcf7-form-control wpcf7-number wpcf7-validates-as-required wpcf7-validates-as-number\" min=\"10000000000\" max=\"99999999999\" aria-required=\"true\" aria-invalid=\"false\" value=\"\" type=\"number\" name=\"TCKimlikNumaras\" \/><\/span> <\/label>\n<\/p>\n<p>Cinsiyet :<br \/>\n<span class=\"wpcf7-form-control-wrap\" data-name=\"radio-698\"><span class=\"wpcf7-form-control wpcf7-radio\"><span class=\"wpcf7-list-item first\"><label><input type=\"radio\" name=\"radio-698\" value=\"K\u0131z\" checked=\"checked\" \/><span class=\"wpcf7-list-item-label\">K\u0131z<\/span><\/label><\/span><span class=\"wpcf7-list-item last\"><label><input type=\"radio\" name=\"radio-698\" value=\"Erkek\" \/><span class=\"wpcf7-list-item-label\">Erkek<\/span><\/label><\/span><\/span><\/span>\n<\/p>\n<p>Do\u011fum Tarihi :<br \/>\n<span class=\"wpcf7-form-control-wrap\" data-name=\"DogumTarihi\"><input class=\"wpcf7-form-control wpcf7-date wpcf7-validates-as-required wpcf7-validates-as-date\" min=\"2017-09-01\" max=\"2020-12-31\" aria-required=\"true\" aria-invalid=\"false\" placeholder=\"\" value=\"\" type=\"date\" name=\"DogumTarihi\" \/><\/span>\n<\/p>\n<p><label> Veli Ad\u0131 Soyad\u0131 :<br \/>\n<span class=\"wpcf7-form-control-wrap\" data-name=\"text-702\"><input size=\"40\" maxlength=\"400\" class=\"wpcf7-form-control wpcf7-text wpcf7-validates-as-required\" aria-required=\"true\" aria-invalid=\"false\" placeholder=\"\" value=\"\" type=\"text\" name=\"text-702\" \/><\/span> <\/label><br \/>\nAdres:<br \/>\n<span class=\"wpcf7-form-control-wrap\" data-name=\"text-821\"><input size=\"40\" maxlength=\"400\" class=\"wpcf7-form-control wpcf7-text wpcf7-validates-as-required\" aria-required=\"true\" aria-invalid=\"false\" value=\"\" type=\"text\" name=\"text-821\" \/><\/span><br \/>\nAdres Sat\u0131r\u0131 2 :<br \/>\n<span class=\"wpcf7-form-control-wrap\" data-name=\"text-564\"><input size=\"40\" maxlength=\"400\" class=\"wpcf7-form-control wpcf7-text\" aria-invalid=\"false\" value=\"\" type=\"text\" name=\"text-564\" \/><\/span>\n<\/p>\n<p>Annenin Cep Telefon Numaras\u0131:<br \/>\n<span class=\"wpcf7-form-control-wrap\" data-name=\"tel-222\"><input size=\"40\" maxlength=\"400\" class=\"wpcf7-form-control wpcf7-tel wpcf7-validates-as-required wpcf7-text wpcf7-validates-as-tel\" aria-required=\"true\" aria-invalid=\"false\" value=\"\" type=\"tel\" name=\"tel-222\" \/><\/span>\n<\/p>\n<p>Baban\u0131n Cep Telefon Numaras\u0131<br \/>\n<span class=\"wpcf7-form-control-wrap\" data-name=\"tel-858\"><input size=\"40\" maxlength=\"400\" class=\"wpcf7-form-control wpcf7-tel wpcf7-validates-as-required wpcf7-text wpcf7-validates-as-tel\" aria-required=\"true\" aria-invalid=\"false\" value=\"\" type=\"tel\" name=\"tel-858\" \/><\/span>\n<\/p>\n<p>Annenin Mesle\u011fi:<br \/>\n<span class=\"wpcf7-form-control-wrap\" data-name=\"text-821\"><input size=\"40\" maxlength=\"400\" class=\"wpcf7-form-control wpcf7-text wpcf7-validates-as-required\" aria-required=\"true\" aria-invalid=\"false\" value=\"\" type=\"text\" name=\"text-821\" \/><\/span>\n<\/p>\n<p>Baban\u0131n Mesle\u011fi :<br \/>\n<span class=\"wpcf7-form-control-wrap\" data-name=\"text-631\"><input size=\"40\" maxlength=\"400\" class=\"wpcf7-form-control wpcf7-text wpcf7-validates-as-required\" aria-required=\"true\" aria-invalid=\"false\" value=\"\" type=\"text\" name=\"text-631\" \/><\/span>\n<\/p>\n<p>Annenin E\u011fitim Durumu:<br \/>\n<span class=\"wpcf7-form-control-wrap\" data-name=\"menu-58\"><select class=\"wpcf7-form-control wpcf7-select wpcf7-validates-as-required\" aria-required=\"true\" aria-invalid=\"false\" name=\"menu-58\"><option value=\"Okur-Yazar\">Okur-Yazar<\/option><option value=\"\u0130lkokul\">\u0130lkokul<\/option><option value=\"Ortaokul\">Ortaokul<\/option><option value=\"Lise\">Lise<\/option><option value=\"Y\u00fcksekokul\">Y\u00fcksekokul<\/option><option value=\"\u00dcniversite\">\u00dcniversite<\/option><option value=\"Y\u00fcksek Lisans\">Y\u00fcksek Lisans<\/option><\/select><\/span>\n<\/p>\n<p>Baban\u0131n E\u011fitim Durumu:<br \/>\n<span class=\"wpcf7-form-control-wrap\" data-name=\"menu-575\"><select class=\"wpcf7-form-control wpcf7-select wpcf7-validates-as-required\" aria-required=\"true\" aria-invalid=\"false\" name=\"menu-575\"><option value=\"Okur-Yazar\">Okur-Yazar<\/option><option value=\"\u0130lkokul\">\u0130lkokul<\/option><option value=\"Ortaokul\">Ortaokul<\/option><option value=\"Lise\">Lise<\/option><option value=\"Y\u00fcksekokul\">Y\u00fcksekokul<\/option><option value=\"\u00dcniversite\">\u00dcniversite<\/option><option value=\"Y\u00fcksek Lisans\">Y\u00fcksek Lisans<\/option><\/select><\/span>\n<\/p>\n<p>Anne \u00c7al\u0131\u015f\u0131yor Mu?<br \/>\n<span class=\"wpcf7-form-control-wrap\" data-name=\"radio-332\"><span class=\"wpcf7-form-control wpcf7-radio\"><span class=\"wpcf7-list-item first\"><label><input type=\"radio\" name=\"radio-332\" value=\"Evet\" checked=\"checked\" \/><span class=\"wpcf7-list-item-label\">Evet<\/span><\/label><\/span><span class=\"wpcf7-list-item last\"><label><input type=\"radio\" name=\"radio-332\" value=\"Hay\u0131r\" \/><span class=\"wpcf7-list-item-label\">Hay\u0131r<\/span><\/label><\/span><\/span><\/span>\n<\/p>\n<p>Baba \u00c7al\u0131\u015f\u0131yor Mu?<br \/>\n<span class=\"wpcf7-form-control-wrap\" data-name=\"radio-790\"><span class=\"wpcf7-form-control wpcf7-radio\"><span class=\"wpcf7-list-item first\"><label><input type=\"radio\" name=\"radio-790\" value=\"Evet\" checked=\"checked\" \/><span class=\"wpcf7-list-item-label\">Evet<\/span><\/label><\/span><span class=\"wpcf7-list-item last\"><label><input type=\"radio\" name=\"radio-790\" value=\"Hay\u0131r\" \/><span class=\"wpcf7-list-item-label\">Hay\u0131r<\/span><\/label><\/span><\/span><\/span>\n<\/p>\n<p>\u00c7ocu\u011funuzun \u00d6zel E\u011fitim Gereksinimi Var M\u0131?<br \/>\n<span class=\"wpcf7-form-control-wrap\" data-name=\"radio-903\"><span class=\"wpcf7-form-control wpcf7-radio\"><span class=\"wpcf7-list-item first\"><label><input type=\"radio\" name=\"radio-903\" value=\"Evet\" checked=\"checked\" \/><span class=\"wpcf7-list-item-label\">Evet<\/span><\/label><\/span><span class=\"wpcf7-list-item last\"><label><input type=\"radio\" name=\"radio-903\" value=\"Hay\u0131r\" \/><span class=\"wpcf7-list-item-label\">Hay\u0131r<\/span><\/label><\/span><\/span><\/span>\n<\/p>\n<p>\u00c7ocu\u011funuzu Hangi Dil S\u0131n\u0131fa Kay\u0131t Etirmek \u0130stiyorsunuz ?<br \/>\n<span class=\"wpcf7-form-control-wrap\" data-name=\"menu-342\"><select class=\"wpcf7-form-control wpcf7-select wpcf7-validates-as-required\" aria-required=\"true\" aria-invalid=\"false\" name=\"menu-342\"><option value=\"Arap\u00e7a S\u0131n\u0131f\u0131\">Arap\u00e7a S\u0131n\u0131f\u0131<\/option><option value=\"\u0130ngilizce S\u0131n\u0131f\u0131\">\u0130ngilizce S\u0131n\u0131f\u0131<\/option><option value=\"Frans\u0131zca S\u0131n\u0131f\u0131\">Frans\u0131zca S\u0131n\u0131f\u0131<\/option><option value=\"Rus\u00e7a S\u0131n\u0131f\u0131\">Rus\u00e7a S\u0131n\u0131f\u0131<\/option><\/select><\/span><br \/>\n<b> *TALEP OLMASI DURUMUNDA 10 K\u0130\u015e\u0130L\u0130K SINIFLAR OLU\u015eTURMAK KAYDI \u0130LE D\u0130\u011eER D\u0130LLER A\u00c7ILAB\u0130L\u0130R)<\/b>\n<\/p>\n<p><label> Herhangi bir Tedavi, \u0130la\u00e7 Alerjisi, G\u0131da Alerjisi veya Kronik Sa\u011fl\u0131k Sorunu var ise l\u00fctfen belirtiniz.<br \/>\n<span class=\"wpcf7-form-control-wrap\" data-name=\"your-message\"><textarea cols=\"40\" rows=\"10\" maxlength=\"2000\" class=\"wpcf7-form-control wpcf7-textarea\" aria-invalid=\"false\" name=\"your-message\"><\/textarea><\/span> <\/label>\n<\/p>\n<p><b>Acil Durumda Ba\u011flant\u0131ya Ge\u00e7ilecek \u0130lk Ki\u015fi<\/b>\n<\/p>\n<p>Ad\u0131 Soyad\u0131:<br \/>\n<span class=\"wpcf7-form-control-wrap\" data-name=\"text-498\"><input size=\"40\" maxlength=\"400\" class=\"wpcf7-form-control wpcf7-text wpcf7-validates-as-required\" aria-required=\"true\" aria-invalid=\"false\" value=\"\" type=\"text\" name=\"text-498\" \/><\/span>\n<\/p>\n<p>Telefon Numaras\u0131:<br \/>\n<span class=\"wpcf7-form-control-wrap\" data-name=\"tel-475\"><input size=\"40\" maxlength=\"400\" class=\"wpcf7-form-control wpcf7-tel wpcf7-text wpcf7-validates-as-tel\" aria-invalid=\"false\" value=\"\" type=\"tel\" name=\"tel-475\" \/><\/span>\n<\/p>\n<p><b>Kay\u0131t Ge\u00e7mi\u015fi<\/b>\n<\/p>\n<p>\u00d6nceki Okulunun Ad\u0131:<br \/>\n<span class=\"wpcf7-form-control-wrap\" data-name=\"text-163\"><input size=\"40\" maxlength=\"400\" class=\"wpcf7-form-control wpcf7-text\" aria-invalid=\"false\" value=\"\" type=\"text\" name=\"text-163\" \/><\/span><br \/>\n\u00d6nceki Okulun Bulundu\u011fu \u0130l-\u0130l\u00e7e: <span class=\"wpcf7-form-control-wrap\" data-name=\"text-359\"><input size=\"40\" maxlength=\"400\" class=\"wpcf7-form-control wpcf7-text\" aria-invalid=\"false\" value=\"\" type=\"text\" name=\"text-359\" \/><\/span>\n<\/p>\n<p>K\u00fcresel COV\u0130D-19 Pandemisi sebebiyle g\u00f6r\u00fc\u015fmeler belli \u00f6nlemler ve kurallar \u00e7er\u00e7evesinde ger\u00e7ekle\u015ftirilecektir.\n<\/p>\n<p>1-)Randevunuza tam zaman\u0131nda geliniz. Ge\u00e7 kalmay\u0131n\u0131z.<br \/>\n2-)Beklemenizi gerektirecek kadar erken gelmeyiniz.<br \/>\n3-)Maske kullan\u0131n\u0131z. Sosyal mesafe kurallar\u0131na ve personel taraf\u0131ndan size yap\u0131lacak her t\u00fcrl\u00fc uyar\u0131ya riayet ediniz.\n<\/p>\n<p><b>NOT:Yukar\u0131daki metni okuduysan\u0131z i\u015faretleyiniz*<\/b>\n<\/p>\n<p><span class=\"wpcf7-form-control-wrap\" data-name=\"radio-88\"><span class=\"wpcf7-form-control wpcf7-radio\"><span class=\"wpcf7-list-item first\"><label><input type=\"radio\" name=\"radio-88\" value=\"ONAYLIYORUM\" checked=\"checked\" \/><span class=\"wpcf7-list-item-label\">ONAYLIYORUM<\/span><\/label><\/span><span class=\"wpcf7-list-item last\"><label><input type=\"radio\" name=\"radio-88\" value=\"ONAYLAMIYORUM\" \/><span class=\"wpcf7-list-item-label\">ONAYLAMIYORUM<\/span><\/label><\/span><\/span><\/span>\n<\/p>\n<p><input class=\"wpcf7-form-control wpcf7-submit has-spinner\" type=\"submit\" value=\"G\u00d6NDER\" \/>\n<\/p><div class=\"wpcf7-response-output\" aria-hidden=\"true\"><\/div>\n<\/form>\n<\/div>\n<\/div>\n","protected":false},"excerpt":{"rendered":"<p>S\u0131n\u0131f\u0131m\u0131z 4 ya\u015f grubundan olu\u015fmakta olup , derslerimiz haftan\u0131n her g\u00fcn\u00fc ve her saati sadece se\u00e7ilen dil s\u0131n\u0131f\u0131 ile yap\u0131lmaktad\u0131r. \u00d6\u011frenci t\u00fcm g\u00fcn yabanc\u0131 dile maruz kalmak sureti ile bir sene sonunda duydu\u011funu tam manas\u0131 ile kavramaya ikinci senenin sonunda o dili konu\u015fmaya ba\u015flam\u0131\u015f olur ve anaokulu kazan\u0131mlar\u0131n\u0131 sa\u011flam\u0131\u015f olur. Kuran\u0131 kerim , siyer, ezber<\/p>\n<div class=\"klb-readmore\"><a href=\"https:\/\/veraanaokullari.com\/?page_id=652\" class=\"btn btn-primary\">READ MORE<\/a><\/div>\n","protected":false},"author":1,"featured_media":0,"parent":0,"menu_order":0,"comment_status":"closed","ping_status":"closed","template":"","meta":{"footnotes":""},"class_list":["post-652","page","type-page","status-publish","hentry","col-lg-12 mb-5"],"_links":{"self":[{"href":"https:\/\/veraanaokullari.com\/index.php?rest_route=\/wp\/v2\/pages\/652","targetHints":{"allow":["GET"]}}],"collection":[{"href":"https:\/\/veraanaokullari.com\/index.php?rest_route=\/wp\/v2\/pages"}],"about":[{"href":"https:\/\/veraanaokullari.com\/index.php?rest_route=\/wp\/v2\/types\/page"}],"author":[{"embeddable":true,"href":"https:\/\/veraanaokullari.com\/index.php?rest_route=\/wp\/v2\/users\/1"}],"replies":[{"embeddable":true,"href":"https:\/\/veraanaokullari.com\/index.php?rest_route=%2Fwp%2Fv2%2Fcomments&post=652"}],"version-history":[{"count":3,"href":"https:\/\/veraanaokullari.com\/index.php?rest_route=\/wp\/v2\/pages\/652\/revisions"}],"predecessor-version":[{"id":655,"href":"https:\/\/veraanaokullari.com\/index.php?rest_route=\/wp\/v2\/pages\/652\/revisions\/655"}],"wp:attachment":[{"href":"https:\/\/veraanaokullari.com\/index.php?rest_route=%2Fwp%2Fv2%2Fmedia&parent=652"}],"curies":[{"name":"wp","href":"https:\/\/api.w.org\/{rel}","templated":true}]}}