{"id":731,"date":"2023-02-08T11:24:35","date_gmt":"2023-02-08T11:24:35","guid":{"rendered":"https:\/\/veraanaokullari.com\/?page_id=731"},"modified":"2023-02-08T11:24:37","modified_gmt":"2023-02-08T11:24:37","slug":"twitter-sayfasi","status":"publish","type":"page","link":"https:\/\/veraanaokullari.com\/?page_id=731","title":{"rendered":"Twitter Sayfas\u0131"},"content":{"rendered":"\n\n<!-- Custom Twitter Feeds by Smash Balloon -->\n<div id=\"ctf\" class=\" ctf ctf-type-usertimeline ctf-feed-1  ctf-styles ctf-list ctf-regular-style\"   data-ctfshortcode=\"{&quot;feed&quot;:&quot;1&quot;}\"   data-ctfdisablelinks=\"false\" data-ctflinktextcolor=\"#\" data-header-size=\"small\" data-feedid=\"1\" data-postid=\"731\"  data-feed=\"1\" data-ctfintents=\"1\"  data-ctfneeded=\"3\">\n            <div id=\"ctf\" class=\"ctf\">\n            <div class=\"ctf-error\">\n                <div class=\"ctf-error-user\">\n\t\t\t\t\tTwitter ak\u0131\u015f\u0131 \u015fu anda kullan\u0131lam\u0131yor.                <\/div>\n            <\/div>\n        <\/div>\n\t\t    <div class=\"ctf-tweets\">\n   \t\t    <\/div>\n    \n<\/div>\n\n","protected":false},"excerpt":{"rendered":"Twitter ak\u0131\u015f\u0131 \u015fu anda kullan\u0131lam\u0131yor.","protected":false},"author":1,"featured_media":0,"parent":0,"menu_order":0,"comment_status":"closed","ping_status":"closed","template":"","meta":{"footnotes":""},"class_list":["post-731","page","type-page","status-publish","hentry","col-lg-12 mb-5"],"_links":{"self":[{"href":"https:\/\/veraanaokullari.com\/index.php?rest_route=\/wp\/v2\/pages\/731","targetHints":{"allow":["GET"]}}],"collection":[{"href":"https:\/\/veraanaokullari.com\/index.php?rest_route=\/wp\/v2\/pages"}],"about":[{"href":"https:\/\/veraanaokullari.com\/index.php?rest_route=\/wp\/v2\/types\/page"}],"author":[{"embeddable":true,"href":"https:\/\/veraanaokullari.com\/index.php?rest_route=\/wp\/v2\/users\/1"}],"replies":[{"embeddable":true,"href":"https:\/\/veraanaokullari.com\/index.php?rest_route=%2Fwp%2Fv2%2Fcomments&post=731"}],"version-history":[{"count":1,"href":"https:\/\/veraanaokullari.com\/index.php?rest_route=\/wp\/v2\/pages\/731\/revisions"}],"predecessor-version":[{"id":732,"href":"https:\/\/veraanaokullari.com\/index.php?rest_route=\/wp\/v2\/pages\/731\/revisions\/732"}],"wp:attachment":[{"href":"https:\/\/veraanaokullari.com\/index.php?rest_route=%2Fwp%2Fv2%2Fmedia&parent=731"}],"curies":[{"name":"wp","href":"https:\/\/api.w.org\/{rel}","templated":true}]}}